{"id":1252,"date":"2025-05-17T01:00:27","date_gmt":"2025-05-17T01:00:27","guid":{"rendered":"https:\/\/xn--familie-sammenfring-97b.dk\/?page_id=1252"},"modified":"2026-01-07T06:36:14","modified_gmt":"2026-01-07T06:36:14","slug":"blog","status":"publish","type":"page","link":"https:\/\/xn--familie-sammenfring-97b.dk\/index.php\/blog\/","title":{"rendered":"Blog"},"content":{"rendered":"\t\t<div data-elementor-type=\"wp-page\" data-elementor-id=\"1252\" class=\"elementor elementor-1252\" data-elementor-post-type=\"page\">\n\t\t\t\t\t\t<section class=\"elementor-section elementor-top-section elementor-element elementor-element-772c275 elementor-section-boxed elementor-section-height-default elementor-section-height-default\" data-id=\"772c275\" data-element_type=\"section\" data-e-type=\"section\" data-settings=\"{&quot;background_background&quot;:&quot;classic&quot;}\">\n\t\t\t\t\t\t<div class=\"elementor-container elementor-column-gap-default\">\n\t\t\t\t\t<div class=\"elementor-column elementor-col-100 elementor-top-column elementor-element elementor-element-d1948d5\" data-id=\"d1948d5\" data-element_type=\"column\" data-e-type=\"column\">\n\t\t\t<div class=\"elementor-widget-wrap elementor-element-populated\">\n\t\t\t\t\t\t<div class=\"elementor-element elementor-element-8c88a4d elementor-invisible elementor-widget elementor-widget-heading\" data-id=\"8c88a4d\" data-element_type=\"widget\" data-e-type=\"widget\" data-settings=\"{&quot;_animation&quot;:&quot;fadeInUp&quot;}\" data-widget_type=\"heading.default\">\n\t\t\t\t<div class=\"elementor-widget-container\">\n\t\t\t\t\t<h1 class=\"elementor-heading-title elementor-size-default\">Blog<\/h1>\t\t\t\t<\/div>\n\t\t\t\t<\/div>\n\t\t\t\t<div class=\"elementor-element elementor-element-a4552dc elementor-widget-divider--view-line elementor-invisible elementor-widget elementor-widget-divider\" data-id=\"a4552dc\" data-element_type=\"widget\" data-e-type=\"widget\" data-settings=\"{&quot;_animation&quot;:&quot;fadeInUp&quot;}\" data-widget_type=\"divider.default\">\n\t\t\t\t<div class=\"elementor-widget-container\">\n\t\t\t\t\t\t\t<div class=\"elementor-divider\">\n\t\t\t<span class=\"elementor-divider-separator\">\n\t\t\t\t\t\t<\/span>\n\t\t<\/div>\n\t\t\t\t\t\t<\/div>\n\t\t\t\t<\/div>\n\t\t\t\t\t<\/div>\n\t\t<\/div>\n\t\t\t\t\t<\/div>\n\t\t<\/section>\n\t\t\t\t<section class=\"elementor-section elementor-top-section elementor-element elementor-element-fcb6f84 elementor-section-boxed elementor-section-height-default elementor-section-height-default\" data-id=\"fcb6f84\" data-element_type=\"section\" data-e-type=\"section\" data-settings=\"{&quot;background_background&quot;:&quot;classic&quot;}\">\n\t\t\t\t\t\t<div class=\"elementor-container elementor-column-gap-default\">\n\t\t\t\t\t<div class=\"elementor-column elementor-col-100 elementor-top-column elementor-element elementor-element-9efba2f\" data-id=\"9efba2f\" data-element_type=\"column\" data-e-type=\"column\">\n\t\t\t<div class=\"elementor-widget-wrap elementor-element-populated\">\n\t\t\t\t\t\t<div class=\"elementor-element elementor-element-e1a31b0 elementor-invisible elementor-widget elementor-widget-heading\" data-id=\"e1a31b0\" data-element_type=\"widget\" data-e-type=\"widget\" data-settings=\"{&quot;_animation&quot;:&quot;fadeInUp&quot;}\" data-widget_type=\"heading.default\">\n\t\t\t\t<div class=\"elementor-widget-container\">\n\t\t\t\t\t<h2 class=\"elementor-heading-title elementor-size-default\">Seneste nyt fra FAMILIE-SAMMENF\u00d8RING.DK<\/h2>\t\t\t\t<\/div>\n\t\t\t\t<\/div>\n\t\t\t\t<div class=\"elementor-element elementor-element-48960c6 elementor-widget-divider--view-line elementor-invisible elementor-widget elementor-widget-divider\" data-id=\"48960c6\" data-element_type=\"widget\" data-e-type=\"widget\" data-settings=\"{&quot;_animation&quot;:&quot;fadeInUp&quot;}\" data-widget_type=\"divider.default\">\n\t\t\t\t<div class=\"elementor-widget-container\">\n\t\t\t\t\t\t\t<div class=\"elementor-divider\">\n\t\t\t<span class=\"elementor-divider-separator\">\n\t\t\t\t\t\t<\/span>\n\t\t<\/div>\n\t\t\t\t\t\t<\/div>\n\t\t\t\t<\/div>\n\t\t\t\t<div class=\"elementor-element elementor-element-d94f80e elementor-grid-3 elementor-grid-tablet-2 elementor-grid-mobile-1 elementor-posts--thumbnail-top elementor-widget elementor-widget-posts\" data-id=\"d94f80e\" data-element_type=\"widget\" data-e-type=\"widget\" data-settings=\"{&quot;classic_columns&quot;:&quot;3&quot;,&quot;classic_columns_tablet&quot;:&quot;2&quot;,&quot;classic_columns_mobile&quot;:&quot;1&quot;,&quot;classic_row_gap&quot;:{&quot;unit&quot;:&quot;px&quot;,&quot;size&quot;:35,&quot;sizes&quot;:[]},&quot;classic_row_gap_tablet&quot;:{&quot;unit&quot;:&quot;px&quot;,&quot;size&quot;:&quot;&quot;,&quot;sizes&quot;:[]},&quot;classic_row_gap_mobile&quot;:{&quot;unit&quot;:&quot;px&quot;,&quot;size&quot;:&quot;&quot;,&quot;sizes&quot;:[]}}\" data-widget_type=\"posts.classic\">\n\t\t\t\t<div class=\"elementor-widget-container\">\n\t\t\t\t\t\t\t<div class=\"elementor-posts-container elementor-posts elementor-posts--skin-classic elementor-grid\" role=\"list\">\r\n\t\t\t\t<article class=\"elementor-post elementor-grid-item post-1923 post type-post status-publish format-standard has-post-thumbnail hentry category-uncategorized\" role=\"listitem\">\r\n\t\t\t\t<a class=\"elementor-post__thumbnail__link\" href=\"https:\/\/xn--familie-sammenfring-97b.dk\/index.php\/2026\/03\/06\/aegtefaellesammenforing-til-flygtning-i-danmark-regler-krav-og-juridisk-hjaelp\/\" tabindex=\"-1\" >\r\n\t\t\t<div class=\"elementor-post__thumbnail\"><img decoding=\"async\" width=\"300\" height=\"160\" src=\"https:\/\/xn--familie-sammenfring-97b.dk\/wp-content\/uploads\/2026\/03\/AEgtefaellesammenforing-300x160.jpg\" class=\"attachment-medium size-medium wp-image-1924\" alt=\"\" srcset=\"https:\/\/xn--familie-sammenfring-97b.dk\/wp-content\/uploads\/2026\/03\/AEgtefaellesammenforing-300x160.jpg 300w, https:\/\/xn--familie-sammenfring-97b.dk\/wp-content\/uploads\/2026\/03\/AEgtefaellesammenforing-1024x546.jpg 1024w, https:\/\/xn--familie-sammenfring-97b.dk\/wp-content\/uploads\/2026\/03\/AEgtefaellesammenforing-768x410.jpg 768w, https:\/\/xn--familie-sammenfring-97b.dk\/wp-content\/uploads\/2026\/03\/AEgtefaellesammenforing.jpg 1200w\" sizes=\"(max-width: 300px) 100vw, 300px\" \/><\/div>\r\n\t\t<\/a>\r\n\t\t\t\t<div class=\"elementor-post__text\">\r\n\t\t\t\t<h3 class=\"elementor-post__title\">\r\n\t\t\t<a href=\"https:\/\/xn--familie-sammenfring-97b.dk\/index.php\/2026\/03\/06\/aegtefaellesammenforing-til-flygtning-i-danmark-regler-krav-og-juridisk-hjaelp\/\" >\r\n\t\t\t\t\u00c6gtef\u00e6llesammenf\u00f8ring til flygtning i Danmark &#8211; Regler, krav og juridisk hj\u00e6lp\t\t\t<\/a>\r\n\t\t<\/h3>\r\n\t\t\t\t<div class=\"elementor-post__excerpt\">\r\n\t\t\t<p>\u00d8nsker du familiesammenf\u00f8ring som \u00e6gtef\u00e6lle eller fast samlever til en flygtning i Danmark? Reglerne kan v\u00e6re komplekse, og derfor v\u00e6lger mange at s\u00f8ge hj\u00e6lp fra en advokat eller f\u00e5 juridisk<\/p>\n\t\t<\/div>\r\n\t\t\t\t\t<div class=\"elementor-post__read-more-wrapper\">\r\n\t\t\r\n\t\t<a class=\"elementor-post__read-more\" href=\"https:\/\/xn--familie-sammenfring-97b.dk\/index.php\/2026\/03\/06\/aegtefaellesammenforing-til-flygtning-i-danmark-regler-krav-og-juridisk-hjaelp\/\" aria-label=\"Read more about \u00c6gtef\u00e6llesammenf\u00f8ring til flygtning i Danmark &#8211; Regler, krav og juridisk hj\u00e6lp\" tabindex=\"-1\" >\r\n\t\t\tL\u00e6s mere\t\t<\/a>\r\n\r\n\t\t\t\t\t<\/div>\r\n\t\t\t\t<\/div>\r\n\t\t\t\t<\/article>\r\n\t\t\t\t<article class=\"elementor-post elementor-grid-item post-1920 post type-post status-publish format-standard has-post-thumbnail hentry category-uncategorized\" role=\"listitem\">\r\n\t\t\t\t<a class=\"elementor-post__thumbnail__link\" href=\"https:\/\/xn--familie-sammenfring-97b.dk\/index.php\/2026\/02\/27\/okonomisk-sikkerhed-ved-familiesammenforing-i-2026-regler-nedsaettelse-og-behov-for-juridisk-hjaelp\/\" tabindex=\"-1\" >\r\n\t\t\t<div class=\"elementor-post__thumbnail\"><img fetchpriority=\"high\" decoding=\"async\" width=\"300\" height=\"183\" src=\"https:\/\/xn--familie-sammenfring-97b.dk\/wp-content\/uploads\/2026\/02\/Okonomisk-sikkerhed-ved-familiesammenforing-i-2026--300x183.jpg\" class=\"attachment-medium size-medium wp-image-1921\" alt=\"\" srcset=\"https:\/\/xn--familie-sammenfring-97b.dk\/wp-content\/uploads\/2026\/02\/Okonomisk-sikkerhed-ved-familiesammenforing-i-2026--300x183.jpg 300w, https:\/\/xn--familie-sammenfring-97b.dk\/wp-content\/uploads\/2026\/02\/Okonomisk-sikkerhed-ved-familiesammenforing-i-2026--1024x623.jpg 1024w, https:\/\/xn--familie-sammenfring-97b.dk\/wp-content\/uploads\/2026\/02\/Okonomisk-sikkerhed-ved-familiesammenforing-i-2026--768x467.jpg 768w, https:\/\/xn--familie-sammenfring-97b.dk\/wp-content\/uploads\/2026\/02\/Okonomisk-sikkerhed-ved-familiesammenforing-i-2026-.jpg 1200w\" sizes=\"(max-width: 300px) 100vw, 300px\" \/><\/div>\r\n\t\t<\/a>\r\n\t\t\t\t<div class=\"elementor-post__text\">\r\n\t\t\t\t<h3 class=\"elementor-post__title\">\r\n\t\t\t<a href=\"https:\/\/xn--familie-sammenfring-97b.dk\/index.php\/2026\/02\/27\/okonomisk-sikkerhed-ved-familiesammenforing-i-2026-regler-nedsaettelse-og-behov-for-juridisk-hjaelp\/\" >\r\n\t\t\t\t\u00d8konomisk sikkerhed ved familiesammenf\u00f8ring i 2026 \u2013 regler, neds\u00e6ttelse og behov for juridisk hj\u00e6lp\t\t\t<\/a>\r\n\t\t<\/h3>\r\n\t\t\t\t<div class=\"elementor-post__excerpt\">\r\n\t\t\t<p>N\u00e5r du s\u00f8ger familiesammenf\u00f8ring (\u00e6gtef\u00e6llesammenf\u00f8ring) i Danmark, er kravet om \u00f8konomisk sikkerhed en af de mest centrale betingelser. I 2026 skal den herboende \u00e6gtef\u00e6lle eller samlever som udgangspunkt stille 61.709,34<\/p>\n\t\t<\/div>\r\n\t\t\t\t\t<div class=\"elementor-post__read-more-wrapper\">\r\n\t\t\r\n\t\t<a class=\"elementor-post__read-more\" href=\"https:\/\/xn--familie-sammenfring-97b.dk\/index.php\/2026\/02\/27\/okonomisk-sikkerhed-ved-familiesammenforing-i-2026-regler-nedsaettelse-og-behov-for-juridisk-hjaelp\/\" aria-label=\"Read more about \u00d8konomisk sikkerhed ved familiesammenf\u00f8ring i 2026 \u2013 regler, neds\u00e6ttelse og behov for juridisk hj\u00e6lp\" tabindex=\"-1\" >\r\n\t\t\tL\u00e6s mere\t\t<\/a>\r\n\r\n\t\t\t\t\t<\/div>\r\n\t\t\t\t<\/div>\r\n\t\t\t\t<\/article>\r\n\t\t\t\t<article class=\"elementor-post elementor-grid-item post-1912 post type-post status-publish format-standard has-post-thumbnail hentry category-uncategorized\" role=\"listitem\">\r\n\t\t\t\t<a class=\"elementor-post__thumbnail__link\" href=\"https:\/\/xn--familie-sammenfring-97b.dk\/index.php\/2026\/01\/28\/familiesammenforing-til-et-mindrearigt-barn-der-er-dansk-statsborger-guide-radgivning\/\" tabindex=\"-1\" >\r\n\t\t\t<div class=\"elementor-post__thumbnail\"><img decoding=\"async\" width=\"300\" height=\"200\" src=\"https:\/\/xn--familie-sammenfring-97b.dk\/wp-content\/uploads\/2026\/01\/familiesammenforing-3-300x200.png\" class=\"attachment-medium size-medium wp-image-1913\" alt=\"\" srcset=\"https:\/\/xn--familie-sammenfring-97b.dk\/wp-content\/uploads\/2026\/01\/familiesammenforing-3-300x200.png 300w, https:\/\/xn--familie-sammenfring-97b.dk\/wp-content\/uploads\/2026\/01\/familiesammenforing-3-1024x683.png 1024w, https:\/\/xn--familie-sammenfring-97b.dk\/wp-content\/uploads\/2026\/01\/familiesammenforing-3-768x512.png 768w, https:\/\/xn--familie-sammenfring-97b.dk\/wp-content\/uploads\/2026\/01\/familiesammenforing-3.png 1536w\" sizes=\"(max-width: 300px) 100vw, 300px\" \/><\/div>\r\n\t\t<\/a>\r\n\t\t\t\t<div class=\"elementor-post__text\">\r\n\t\t\t\t<h3 class=\"elementor-post__title\">\r\n\t\t\t<a href=\"https:\/\/xn--familie-sammenfring-97b.dk\/index.php\/2026\/01\/28\/familiesammenforing-til-et-mindrearigt-barn-der-er-dansk-statsborger-guide-radgivning\/\" >\r\n\t\t\t\tFamiliesammenf\u00f8ring til et Mindre\u00e5rigt Barn, der er Dansk Statsborger \u2013 Guide &amp; R\u00e5dgivning\t\t\t<\/a>\r\n\t\t<\/h3>\r\n\t\t\t\t<div class=\"elementor-post__excerpt\">\r\n\t\t\t<p>At s\u00f8ge familiesammenf\u00f8ring til et mindre\u00e5rigt barn, der er dansk statsborger, er en vigtig proces for mange familier, der \u00f8nsker at leve sammen i Danmark. Selvom form\u00e5let med ordningen er<\/p>\n\t\t<\/div>\r\n\t\t\t\t\t<div class=\"elementor-post__read-more-wrapper\">\r\n\t\t\r\n\t\t<a class=\"elementor-post__read-more\" href=\"https:\/\/xn--familie-sammenfring-97b.dk\/index.php\/2026\/01\/28\/familiesammenforing-til-et-mindrearigt-barn-der-er-dansk-statsborger-guide-radgivning\/\" aria-label=\"Read more about Familiesammenf\u00f8ring til et Mindre\u00e5rigt Barn, der er Dansk Statsborger \u2013 Guide &amp; R\u00e5dgivning\" tabindex=\"-1\" >\r\n\t\t\tL\u00e6s mere\t\t<\/a>\r\n\r\n\t\t\t\t\t<\/div>\r\n\t\t\t\t<\/div>\r\n\t\t\t\t<\/article>\r\n\t\t\t\t<article class=\"elementor-post elementor-grid-item post-1908 post type-post status-publish format-standard has-post-thumbnail hentry category-nyheder\" role=\"listitem\">\r\n\t\t\t\t<a class=\"elementor-post__thumbnail__link\" href=\"https:\/\/xn--familie-sammenfring-97b.dk\/index.php\/2026\/01\/15\/integrationskravet-ved-familiesammenforing-regler-krav-og-undtagelser\/\" tabindex=\"-1\" >\r\n\t\t\t<div class=\"elementor-post__thumbnail\"><img loading=\"lazy\" decoding=\"async\" width=\"300\" height=\"192\" src=\"https:\/\/xn--familie-sammenfring-97b.dk\/wp-content\/uploads\/2026\/01\/Integrationskravet-ved-familiesammenforing-300x192.jpg\" class=\"attachment-medium size-medium wp-image-1909\" alt=\"\" srcset=\"https:\/\/xn--familie-sammenfring-97b.dk\/wp-content\/uploads\/2026\/01\/Integrationskravet-ved-familiesammenforing-300x192.jpg 300w, https:\/\/xn--familie-sammenfring-97b.dk\/wp-content\/uploads\/2026\/01\/Integrationskravet-ved-familiesammenforing-1024x655.jpg 1024w, https:\/\/xn--familie-sammenfring-97b.dk\/wp-content\/uploads\/2026\/01\/Integrationskravet-ved-familiesammenforing-768x492.jpg 768w, https:\/\/xn--familie-sammenfring-97b.dk\/wp-content\/uploads\/2026\/01\/Integrationskravet-ved-familiesammenforing.jpg 1250w\" sizes=\"(max-width: 300px) 100vw, 300px\" \/><\/div>\r\n\t\t<\/a>\r\n\t\t\t\t<div class=\"elementor-post__text\">\r\n\t\t\t\t<h3 class=\"elementor-post__title\">\r\n\t\t\t<a href=\"https:\/\/xn--familie-sammenfring-97b.dk\/index.php\/2026\/01\/15\/integrationskravet-ved-familiesammenforing-regler-krav-og-undtagelser\/\" >\r\n\t\t\t\tIntegrationskravet ved familiesammenf\u00f8ring: Regler, krav og undtagelser\t\t\t<\/a>\r\n\t\t<\/h3>\r\n\t\t\t\t<div class=\"elementor-post__excerpt\">\r\n\t\t\t<p>Familiesammenf\u00f8ring er for mange familier n\u00f8glen til at kunne leve sammen i Danmark. En af de mest komplekse og afg\u00f8rende betingelser i processen er integrationskravet, som ofte giver anledning til<\/p>\n\t\t<\/div>\r\n\t\t\t\t\t<div class=\"elementor-post__read-more-wrapper\">\r\n\t\t\r\n\t\t<a class=\"elementor-post__read-more\" href=\"https:\/\/xn--familie-sammenfring-97b.dk\/index.php\/2026\/01\/15\/integrationskravet-ved-familiesammenforing-regler-krav-og-undtagelser\/\" aria-label=\"Read more about Integrationskravet ved familiesammenf\u00f8ring: Regler, krav og undtagelser\" tabindex=\"-1\" >\r\n\t\t\tL\u00e6s mere\t\t<\/a>\r\n\r\n\t\t\t\t\t<\/div>\r\n\t\t\t\t<\/div>\r\n\t\t\t\t<\/article>\r\n\t\t\t\t<\/div>\r\n\t\t\r\n\t\t\t\t\t\t<\/div>\n\t\t\t\t<\/div>\n\t\t\t\t\t<\/div>\n\t\t<\/div>\n\t\t\t\t\t<\/div>\n\t\t<\/section>\n\t\t\t\t<\/div>\n\t\t","protected":false},"excerpt":{"rendered":"<p>Blog Seneste nyt fra FAMILIE-SAMMENF\u00d8RING.DK<\/p>\n","protected":false},"author":6,"featured_media":0,"parent":0,"menu_order":0,"comment_status":"closed","ping_status":"closed","template":"elementor_header_footer","meta":{"footnotes":""},"class_list":["post-1252","page","type-page","status-publish","hentry"],"yoast_head":"<!-- This site is optimized with the Yoast SEO plugin v27.5 - https:\/\/yoast.com\/product\/yoast-seo-wordpress\/ -->\n<title>Blog - Familiesammenf\u00f8ring | F\u00e5 din familie til Danmark<\/title>\n<meta name=\"robots\" content=\"index, follow, max-snippet:-1, max-image-preview:large, max-video-preview:-1\" \/>\n<link rel=\"canonical\" href=\"https:\/\/xn--familie-sammenfring-97b.dk\/index.php\/blog\/\" \/>\n<meta property=\"og:locale\" content=\"en_US\" \/>\n<meta property=\"og:type\" content=\"article\" \/>\n<meta property=\"og:title\" content=\"Blog - Familiesammenf\u00f8ring | F\u00e5 din familie til Danmark\" \/>\n<meta property=\"og:description\" content=\"Blog Seneste nyt fra FAMILIE-SAMMENF\u00d8RING.DK\" \/>\n<meta property=\"og:url\" content=\"https:\/\/xn--familie-sammenfring-97b.dk\/index.php\/blog\/\" \/>\n<meta property=\"og:site_name\" content=\"Familiesammenf\u00f8ring | F\u00e5 din familie til Danmark\" \/>\n<meta property=\"article:modified_time\" content=\"2026-01-07T06:36:14+00:00\" \/>\n<meta name=\"twitter:card\" content=\"summary_large_image\" \/>\n<meta name=\"twitter:label1\" content=\"Est. reading time\" \/>\n\t<meta name=\"twitter:data1\" content=\"3 minutes\" \/>\n<script type=\"application\/ld+json\" class=\"yoast-schema-graph\">{\"@context\":\"https:\\\/\\\/schema.org\",\"@graph\":[{\"@type\":\"WebPage\",\"@id\":\"https:\\\/\\\/xn--familie-sammenfring-97b.dk\\\/index.php\\\/blog\\\/\",\"url\":\"https:\\\/\\\/xn--familie-sammenfring-97b.dk\\\/index.php\\\/blog\\\/\",\"name\":\"Blog - Familiesammenf\u00f8ring | F\u00e5 din familie til Danmark\",\"isPartOf\":{\"@id\":\"https:\\\/\\\/xn--familie-sammenfring-97b.dk\\\/#website\"},\"datePublished\":\"2025-05-17T01:00:27+00:00\",\"dateModified\":\"2026-01-07T06:36:14+00:00\",\"breadcrumb\":{\"@id\":\"https:\\\/\\\/xn--familie-sammenfring-97b.dk\\\/index.php\\\/blog\\\/#breadcrumb\"},\"inLanguage\":\"en-US\",\"potentialAction\":[{\"@type\":\"ReadAction\",\"target\":[\"https:\\\/\\\/xn--familie-sammenfring-97b.dk\\\/index.php\\\/blog\\\/\"]}]},{\"@type\":\"BreadcrumbList\",\"@id\":\"https:\\\/\\\/xn--familie-sammenfring-97b.dk\\\/index.php\\\/blog\\\/#breadcrumb\",\"itemListElement\":[{\"@type\":\"ListItem\",\"position\":1,\"name\":\"Home\",\"item\":\"https:\\\/\\\/xn--familie-sammenfring-97b.dk\\\/\"},{\"@type\":\"ListItem\",\"position\":2,\"name\":\"Blog\"}]},{\"@type\":\"WebSite\",\"@id\":\"https:\\\/\\\/xn--familie-sammenfring-97b.dk\\\/#website\",\"url\":\"https:\\\/\\\/xn--familie-sammenfring-97b.dk\\\/\",\"name\":\"Dansk Statsborgerskab\",\"description\":\"Juridisk r\u00e5dgivning\",\"publisher\":{\"@id\":\"https:\\\/\\\/xn--familie-sammenfring-97b.dk\\\/#organization\"},\"potentialAction\":[{\"@type\":\"SearchAction\",\"target\":{\"@type\":\"EntryPoint\",\"urlTemplate\":\"https:\\\/\\\/xn--familie-sammenfring-97b.dk\\\/?s={search_term_string}\"},\"query-input\":{\"@type\":\"PropertyValueSpecification\",\"valueRequired\":true,\"valueName\":\"search_term_string\"}}],\"inLanguage\":\"en-US\"},{\"@type\":\"Organization\",\"@id\":\"https:\\\/\\\/xn--familie-sammenfring-97b.dk\\\/#organization\",\"name\":\"| Din juridiske ekspert\",\"url\":\"https:\\\/\\\/xn--familie-sammenfring-97b.dk\\\/\",\"logo\":{\"@type\":\"ImageObject\",\"inLanguage\":\"en-US\",\"@id\":\"https:\\\/\\\/xn--familie-sammenfring-97b.dk\\\/#\\\/schema\\\/logo\\\/image\\\/\",\"url\":\"https:\\\/\\\/xn--familie-sammenfring-97b.dk\\\/wp-content\\\/uploads\\\/2024\\\/12\\\/Denmark-passport-Danish-passport.jpg\",\"contentUrl\":\"https:\\\/\\\/xn--familie-sammenfring-97b.dk\\\/wp-content\\\/uploads\\\/2024\\\/12\\\/Denmark-passport-Danish-passport.jpg\",\"width\":578,\"height\":675,\"caption\":\"| Din juridiske ekspert\"},\"image\":{\"@id\":\"https:\\\/\\\/xn--familie-sammenfring-97b.dk\\\/#\\\/schema\\\/logo\\\/image\\\/\"}}]}<\/script>\n<!-- \/ Yoast SEO plugin. -->","yoast_head_json":{"title":"Blog - Familiesammenf\u00f8ring | F\u00e5 din familie til Danmark","robots":{"index":"index","follow":"follow","max-snippet":"max-snippet:-1","max-image-preview":"max-image-preview:large","max-video-preview":"max-video-preview:-1"},"canonical":"https:\/\/xn--familie-sammenfring-97b.dk\/index.php\/blog\/","og_locale":"en_US","og_type":"article","og_title":"Blog - Familiesammenf\u00f8ring | F\u00e5 din familie til Danmark","og_description":"Blog Seneste nyt fra FAMILIE-SAMMENF\u00d8RING.DK","og_url":"https:\/\/xn--familie-sammenfring-97b.dk\/index.php\/blog\/","og_site_name":"Familiesammenf\u00f8ring | F\u00e5 din familie til Danmark","article_modified_time":"2026-01-07T06:36:14+00:00","twitter_card":"summary_large_image","twitter_misc":{"Est. reading time":"3 minutes"},"schema":{"@context":"https:\/\/schema.org","@graph":[{"@type":"WebPage","@id":"https:\/\/xn--familie-sammenfring-97b.dk\/index.php\/blog\/","url":"https:\/\/xn--familie-sammenfring-97b.dk\/index.php\/blog\/","name":"Blog - Familiesammenf\u00f8ring | F\u00e5 din familie til Danmark","isPartOf":{"@id":"https:\/\/xn--familie-sammenfring-97b.dk\/#website"},"datePublished":"2025-05-17T01:00:27+00:00","dateModified":"2026-01-07T06:36:14+00:00","breadcrumb":{"@id":"https:\/\/xn--familie-sammenfring-97b.dk\/index.php\/blog\/#breadcrumb"},"inLanguage":"en-US","potentialAction":[{"@type":"ReadAction","target":["https:\/\/xn--familie-sammenfring-97b.dk\/index.php\/blog\/"]}]},{"@type":"BreadcrumbList","@id":"https:\/\/xn--familie-sammenfring-97b.dk\/index.php\/blog\/#breadcrumb","itemListElement":[{"@type":"ListItem","position":1,"name":"Home","item":"https:\/\/xn--familie-sammenfring-97b.dk\/"},{"@type":"ListItem","position":2,"name":"Blog"}]},{"@type":"WebSite","@id":"https:\/\/xn--familie-sammenfring-97b.dk\/#website","url":"https:\/\/xn--familie-sammenfring-97b.dk\/","name":"Dansk Statsborgerskab","description":"Juridisk r\u00e5dgivning","publisher":{"@id":"https:\/\/xn--familie-sammenfring-97b.dk\/#organization"},"potentialAction":[{"@type":"SearchAction","target":{"@type":"EntryPoint","urlTemplate":"https:\/\/xn--familie-sammenfring-97b.dk\/?s={search_term_string}"},"query-input":{"@type":"PropertyValueSpecification","valueRequired":true,"valueName":"search_term_string"}}],"inLanguage":"en-US"},{"@type":"Organization","@id":"https:\/\/xn--familie-sammenfring-97b.dk\/#organization","name":"| Din juridiske ekspert","url":"https:\/\/xn--familie-sammenfring-97b.dk\/","logo":{"@type":"ImageObject","inLanguage":"en-US","@id":"https:\/\/xn--familie-sammenfring-97b.dk\/#\/schema\/logo\/image\/","url":"https:\/\/xn--familie-sammenfring-97b.dk\/wp-content\/uploads\/2024\/12\/Denmark-passport-Danish-passport.jpg","contentUrl":"https:\/\/xn--familie-sammenfring-97b.dk\/wp-content\/uploads\/2024\/12\/Denmark-passport-Danish-passport.jpg","width":578,"height":675,"caption":"| Din juridiske ekspert"},"image":{"@id":"https:\/\/xn--familie-sammenfring-97b.dk\/#\/schema\/logo\/image\/"}}]}},"_links":{"self":[{"href":"https:\/\/xn--familie-sammenfring-97b.dk\/index.php\/wp-json\/wp\/v2\/pages\/1252","targetHints":{"allow":["GET"]}}],"collection":[{"href":"https:\/\/xn--familie-sammenfring-97b.dk\/index.php\/wp-json\/wp\/v2\/pages"}],"about":[{"href":"https:\/\/xn--familie-sammenfring-97b.dk\/index.php\/wp-json\/wp\/v2\/types\/page"}],"author":[{"embeddable":true,"href":"https:\/\/xn--familie-sammenfring-97b.dk\/index.php\/wp-json\/wp\/v2\/users\/6"}],"replies":[{"embeddable":true,"href":"https:\/\/xn--familie-sammenfring-97b.dk\/index.php\/wp-json\/wp\/v2\/comments?post=1252"}],"version-history":[{"count":29,"href":"https:\/\/xn--familie-sammenfring-97b.dk\/index.php\/wp-json\/wp\/v2\/pages\/1252\/revisions"}],"predecessor-version":[{"id":1888,"href":"https:\/\/xn--familie-sammenfring-97b.dk\/index.php\/wp-json\/wp\/v2\/pages\/1252\/revisions\/1888"}],"wp:attachment":[{"href":"https:\/\/xn--familie-sammenfring-97b.dk\/index.php\/wp-json\/wp\/v2\/media?parent=1252"}],"curies":[{"name":"wp","href":"https:\/\/api.w.org\/{rel}","templated":true}]}}