{"id":817,"date":"2025-01-20T17:15:12","date_gmt":"2025-01-20T17:15:12","guid":{"rendered":"https:\/\/xn--familie-sammenfring-97b.dk\/?page_id=817"},"modified":"2025-04-25T19:10:55","modified_gmt":"2025-04-25T19:10:55","slug":"forretningsbetingelser","status":"publish","type":"page","link":"https:\/\/xn--familie-sammenfring-97b.dk\/index.php\/forretningsbetingelser\/","title":{"rendered":"Forretningsbetingelser"},"content":{"rendered":"\t\t<div data-elementor-type=\"wp-page\" data-elementor-id=\"817\" class=\"elementor elementor-817\" data-elementor-post-type=\"page\">\n\t\t\t\t\t\t<section class=\"elementor-section elementor-top-section elementor-element elementor-element-3079015 elementor-section-boxed elementor-section-height-default elementor-section-height-default\" data-id=\"3079015\" data-element_type=\"section\" data-e-type=\"section\">\n\t\t\t\t\t\t<div class=\"elementor-container elementor-column-gap-default\">\n\t\t\t\t\t<div class=\"elementor-column elementor-col-100 elementor-top-column elementor-element elementor-element-2c242b5\" data-id=\"2c242b5\" data-element_type=\"column\" data-e-type=\"column\">\n\t\t\t<div class=\"elementor-widget-wrap elementor-element-populated\">\n\t\t\t\t\t\t<div class=\"elementor-element elementor-element-bad9a86 elementor-widget elementor-widget-text-editor\" data-id=\"bad9a86\" data-element_type=\"widget\" data-e-type=\"widget\" data-widget_type=\"text-editor.default\">\n\t\t\t\t<div class=\"elementor-widget-container\">\n\t\t\t\t\t\t\t\t\t<p class=\"v1MsoNormal\"><b><u>1 KONTRAKTSFORHOLD<\/u><\/b><\/p><p class=\"v1MsoNormal\">1.1 Disse generelle forretningsbetingelser g\u00e6lder for alle tjenester leveret af Copernica Law \u2013 Juridisk R\u00e5dgivning og dets undergrene, herunder,\u00a0<a href=\"http:\/\/www.danskstatsborgerskab.dk\/\" target=\"_blank\" rel=\"noopener noreferrer\">www.danskstatsborgerskab.dk<\/a>,\u00a0<a href=\"http:\/\/www.permanentopholdstilladelse.dk\/\" target=\"_blank\" rel=\"noopener noreferrer\">www.permanentopholdstilladelse.dk<\/a>, samt\u00a0<a href=\"http:\/\/www.xn--familie-sammenfring-97b.dk\/\" target=\"_blank\" rel=\"noopener noreferrer\">www.familie-sammenf\u00f8ring.dk<\/a>. \u00a0<\/p><p class=\"v1MsoNormal\">1.2 Vi vil normalt sende klienter en aftalebekr\u00e6ftelse p\u00e5 vores r\u00e5dgivning til klienten. Vores r\u00e5dgivning vil v\u00e6re styret og begr\u00e6nset i indhold af denne bekr\u00e6ftelse. De generelle forretningsbetingelser fungerer som et supplement til aftalebekr\u00e6ftelsen. I tilf\u00e6lde af uoverensstemmelse imellem aftalebekr\u00e6ftelse og disse forretningsbetingelser, vil den individuelle aftalebekr\u00e6ftelse have forrang.<\/p><p class=\"v1MsoNormal\"><b><u>2 TJENESTER OG R\u00c5DGIVNING<\/u><\/b><\/p><p class=\"v1MsoNormal\">2.1 Vi vil levere vores ydelser i overensstemmelse med den specifikke bekr\u00e6ftelse i en given sag, samt disse generelle forretningsbetingelser.<\/p><p class=\"v1MsoNormal\">2.2 Vi aftaler og beregner normalt omfanget af vores tjenester ved sagens begyndelse. Omfanget kan dog blive \u00e6ndret, udvidet eller reduceret i l\u00f8bet af sagen ud fra de anvisninger, vi modtager fra dig, hvordan sagen udvikler sig, andre ydre forhold, uforudsete omst\u00e6ndigheder mv.<\/p><p class=\"v1MsoNormal\">2.3 Vores r\u00e5d gives i sammenh\u00e6ng med omst\u00e6ndighederne i den konkrete sag, de oplysninger, vi har til r\u00e5dighed, og de instruktioner, du giver os.<\/p><p class=\"v1MsoNormal\">2.4 For at vi kan give dig den bedst mulige r\u00e5dgivning, er det vigtigt, at du giver os alle relevante oplysninger. Vi antager, at de oplysninger, vi modtager fra dig, er korrekte og fuldst\u00e6ndige.<\/p><p class=\"v1MsoNormal\">2.6 Vi er kun kvalificerede til at r\u00e5dgive om dansk ret. Det er kundens eneansvar at beslutte, om der skal ans\u00e6ttes r\u00e5dgivere i henhold til lovene i andre jurisdiktioner. Vi p\u00e5tager os intet ansvar i forbindelse med r\u00e5dgivning vedr\u00f8rende s\u00e5danne love.<\/p><p class=\"v1MsoNormal\">2.7 Medmindre andet er aftalt, er det ikke en del af vores tjenester at yde ikke-juridisk r\u00e5dgivning, s\u00e5som r\u00e5dgivning om tekniske, finansielle, regnskabsm\u00e6ssige, kommercielle eller milj\u00f8m\u00e6ssige forhold, og vi p\u00e5tager os intet ansvar for s\u00e5danne forhold. Medmindre andet er aftalt, omfatter vores r\u00e5dgivning i en bestemt sag ikke r\u00e5dgivning vedr\u00f8rende skattem\u00e6ssige eller potentielle skattem\u00e6ssige konsekvenser.<\/p><p class=\"v1MsoNormal\"><b><u>3 GEBYRER, UDGIFTER, FAKTURERING<\/u><\/b><\/p><p class=\"v1MsoNormal\">3.1 Vores honorarer fasts\u00e6ttes normalt p\u00e5 baggrund af en r\u00e6kke faktorer, tidsforbrug, opn\u00e5ede resultater, arbejdets kompleksitet, tidsbegr\u00e6nsninger, bel\u00f8b involveret og de risici, vi p\u00e5tager os (hvis nogen). Vi fakturerer for hver p\u00e5begyndt time.<\/p><p class=\"v1MsoNormal\">3.2 Ethvert gebyroverslag leveret af os b\u00f8r ikke betragtes som et prisloft eller et fast gebyr, medmindre dette er specifikt angivet i en aftalebekr\u00e6ftelse. Vi opererer som udgangspunkt med prisestimater. Vi vil bestr\u00e6be os p\u00e5 at informere kunden s\u00e5 hurtigt som praktisk muligt om enhver v\u00e6sentlig afvigelse fra et s\u00e5dant sk\u00f8n, men kunden vil v\u00e6re ansvarlig for det fulde bel\u00f8b af vores gebyrer, selvom det skulle overstige estimatet.<\/p><p class=\"v1MsoNormal\">3.3 Hvis en sag falder bort eller bliver afbrudt med kort varsel, eller hvis klienten enten i starten eller undervejs i sagen fortryder, og vi lider et tab som f\u00f8lge heraf, forbeholder vi os retten til at opkr\u00e6ve klienten for medg\u00e5et tid afregnet per p\u00e5begyndt time. Ved klientens fortrydelse forbeholder vi os til enhver tid retten til betaling i form af indbetalt depositum ved start af sag.<\/p><p class=\"v1MsoNormal\">3.4 Ud over vores gebyrer vil vi opkr\u00e6ve klienten for alle omkostninger, vi p\u00e5drager os i forbindelse med engagementet, s\u00e5som registrerings- og registreringsgebyrer, kurergebyrer, ans\u00f8gningsgebyrer, gebyrer til overs\u00e6ttelser af dokumenter mv. Gebyrer og udgifter vil blive faktureret til kostpris uden till\u00e6g.<\/p><p class=\"v1MsoNormal\">3.5 Vores priser bliver angivet inklusive moms, n\u00e5r klienten er en privatperson, og esklusiv moms, n\u00e5r klienten er en juridisk person, f.eks. en virksomhed.<\/p><p class=\"v1MsoNormal\">3.6 Honorarer faktureres normalt som en samlet pris, som skal betales af klienten, f\u00f8r sagen kan p\u00e5begyndes af en jurist. Vi kan aftale med klienten, at betalingen kan deles op i flere rater, hvorefter betaling faktureres m\u00e5nedligt i starten af m\u00e5neden.<\/p><p class=\"v1MsoNormal\"><b><u>4 ANSVARSBEGR\u00c6NSNING<\/u><\/b><\/p><p class=\"v1MsoNormal\">4.1 Vores r\u00e5dgivning er baseret p\u00e5 en indsatsforpligtelse, hvor aftalebekr\u00e6ftelsen dikterer den indsats, som vi forpligter os til. Vi kan og vil under ingen omst\u00e6ndigheder garantere et positivt udfald i nogen som helst sager, hvor vi har r\u00e5dgivet; vi har ikke resultatforpligtelse.<\/p><p class=\"v1MsoNormal\">4.2. Copernica Law \u2013 Juridisk R\u00e5dgivning p\u00e5tager sig intet ansvar for indirekte tab eller f\u00f8lgeskader af vores r\u00e5dgivning.<\/p><p class=\"v1MsoNormal\">4.3. Vi p\u00e5tager os intet ansvar for tab, som skyldes klientens direkte eller indirekte, ej heller klientens bevidste eller ubevidste, fortielse eller negligering af oplysninger, som denne vidste eller burde have vidst var essentiel for ud\u00f8velsen af en kvalificeret r\u00e5dgivning.<\/p>\t\t\t\t\t\t\t\t<\/div>\n\t\t\t\t<\/div>\n\t\t\t\t\t<\/div>\n\t\t<\/div>\n\t\t\t\t\t<\/div>\n\t\t<\/section>\n\t\t\t\t<\/div>\n\t\t","protected":false},"excerpt":{"rendered":"<p>1 KONTRAKTSFORHOLD 1.1 Disse generelle forretningsbetingelser g\u00e6lder for alle tjenester leveret af Copernica Law \u2013 Juridisk R\u00e5dgivning og dets undergrene, herunder,\u00a0www.danskstatsborgerskab.dk,\u00a0www.permanentopholdstilladelse.dk, samt\u00a0www.familie-sammenf\u00f8ring.dk. \u00a0 1.2 Vi vil normalt sende klienter en aftalebekr\u00e6ftelse p\u00e5 vores r\u00e5dgivning til klienten. Vores r\u00e5dgivning vil v\u00e6re styret og begr\u00e6nset i indhold af denne bekr\u00e6ftelse. De generelle forretningsbetingelser fungerer som et supplement [&hellip;]<\/p>\n","protected":false},"author":6,"featured_media":0,"parent":0,"menu_order":0,"comment_status":"closed","ping_status":"closed","template":"elementor_header_footer","meta":{"footnotes":""},"class_list":["post-817","page","type-page","status-publish","hentry"],"yoast_head":"<!-- This site is optimized with the Yoast SEO plugin v27.0 - https:\/\/yoast.com\/product\/yoast-seo-wordpress\/ -->\n<title>Forretningsbetingelser - Familiesammenf\u00f8ring | F\u00e5 din familie til Danmark<\/title>\n<meta name=\"robots\" content=\"index, follow, max-snippet:-1, max-image-preview:large, max-video-preview:-1\" \/>\n<link rel=\"canonical\" href=\"https:\/\/xn--familie-sammenfring-97b.dk\/index.php\/forretningsbetingelser\/\" \/>\n<meta property=\"og:locale\" content=\"en_US\" \/>\n<meta property=\"og:type\" content=\"article\" \/>\n<meta property=\"og:title\" content=\"Forretningsbetingelser - Familiesammenf\u00f8ring | F\u00e5 din familie til Danmark\" \/>\n<meta property=\"og:description\" content=\"1 KONTRAKTSFORHOLD 1.1 Disse generelle forretningsbetingelser g\u00e6lder for alle tjenester leveret af Copernica Law \u2013 Juridisk R\u00e5dgivning og dets undergrene, herunder,\u00a0www.danskstatsborgerskab.dk,\u00a0www.permanentopholdstilladelse.dk, samt\u00a0www.familie-sammenf\u00f8ring.dk. \u00a0 1.2 Vi vil normalt sende klienter en aftalebekr\u00e6ftelse p\u00e5 vores r\u00e5dgivning til klienten. Vores r\u00e5dgivning vil v\u00e6re styret og begr\u00e6nset i indhold af denne bekr\u00e6ftelse. De generelle forretningsbetingelser fungerer som et supplement [&hellip;]\" \/>\n<meta property=\"og:url\" content=\"https:\/\/xn--familie-sammenfring-97b.dk\/index.php\/forretningsbetingelser\/\" \/>\n<meta property=\"og:site_name\" content=\"Familiesammenf\u00f8ring | F\u00e5 din familie til Danmark\" \/>\n<meta property=\"article:modified_time\" content=\"2025-04-25T19:10:55+00:00\" \/>\n<meta name=\"twitter:card\" content=\"summary_large_image\" \/>\n<meta name=\"twitter:label1\" content=\"Est. reading time\" \/>\n\t<meta name=\"twitter:data1\" content=\"4 minutes\" \/>\n<script type=\"application\/ld+json\" class=\"yoast-schema-graph\">{\"@context\":\"https:\/\/schema.org\",\"@graph\":[{\"@type\":\"WebPage\",\"@id\":\"https:\/\/xn--familie-sammenfring-97b.dk\/index.php\/forretningsbetingelser\/\",\"url\":\"https:\/\/xn--familie-sammenfring-97b.dk\/index.php\/forretningsbetingelser\/\",\"name\":\"Forretningsbetingelser - Familiesammenf\u00f8ring | F\u00e5 din familie til Danmark\",\"isPartOf\":{\"@id\":\"https:\/\/xn--familie-sammenfring-97b.dk\/#website\"},\"datePublished\":\"2025-01-20T17:15:12+00:00\",\"dateModified\":\"2025-04-25T19:10:55+00:00\",\"breadcrumb\":{\"@id\":\"https:\/\/xn--familie-sammenfring-97b.dk\/index.php\/forretningsbetingelser\/#breadcrumb\"},\"inLanguage\":\"en-US\",\"potentialAction\":[{\"@type\":\"ReadAction\",\"target\":[\"https:\/\/xn--familie-sammenfring-97b.dk\/index.php\/forretningsbetingelser\/\"]}]},{\"@type\":\"BreadcrumbList\",\"@id\":\"https:\/\/xn--familie-sammenfring-97b.dk\/index.php\/forretningsbetingelser\/#breadcrumb\",\"itemListElement\":[{\"@type\":\"ListItem\",\"position\":1,\"name\":\"Home\",\"item\":\"https:\/\/xn--familie-sammenfring-97b.dk\/\"},{\"@type\":\"ListItem\",\"position\":2,\"name\":\"Forretningsbetingelser\"}]},{\"@type\":\"WebSite\",\"@id\":\"https:\/\/xn--familie-sammenfring-97b.dk\/#website\",\"url\":\"https:\/\/xn--familie-sammenfring-97b.dk\/\",\"name\":\"Dansk Statsborgerskab\",\"description\":\"Juridisk r\u00e5dgivning\",\"publisher\":{\"@id\":\"https:\/\/xn--familie-sammenfring-97b.dk\/#organization\"},\"potentialAction\":[{\"@type\":\"SearchAction\",\"target\":{\"@type\":\"EntryPoint\",\"urlTemplate\":\"https:\/\/xn--familie-sammenfring-97b.dk\/?s={search_term_string}\"},\"query-input\":{\"@type\":\"PropertyValueSpecification\",\"valueRequired\":true,\"valueName\":\"search_term_string\"}}],\"inLanguage\":\"en-US\"},{\"@type\":\"Organization\",\"@id\":\"https:\/\/xn--familie-sammenfring-97b.dk\/#organization\",\"name\":\"| Din juridiske ekspert\",\"url\":\"https:\/\/xn--familie-sammenfring-97b.dk\/\",\"logo\":{\"@type\":\"ImageObject\",\"inLanguage\":\"en-US\",\"@id\":\"https:\/\/xn--familie-sammenfring-97b.dk\/#\/schema\/logo\/image\/\",\"url\":\"https:\/\/xn--familie-sammenfring-97b.dk\/wp-content\/uploads\/2024\/12\/Denmark-passport-Danish-passport.jpg\",\"contentUrl\":\"https:\/\/xn--familie-sammenfring-97b.dk\/wp-content\/uploads\/2024\/12\/Denmark-passport-Danish-passport.jpg\",\"width\":578,\"height\":675,\"caption\":\"| Din juridiske ekspert\"},\"image\":{\"@id\":\"https:\/\/xn--familie-sammenfring-97b.dk\/#\/schema\/logo\/image\/\"}}]}<\/script>\n<!-- \/ Yoast SEO plugin. -->","yoast_head_json":{"title":"Forretningsbetingelser - Familiesammenf\u00f8ring | F\u00e5 din familie til Danmark","robots":{"index":"index","follow":"follow","max-snippet":"max-snippet:-1","max-image-preview":"max-image-preview:large","max-video-preview":"max-video-preview:-1"},"canonical":"https:\/\/xn--familie-sammenfring-97b.dk\/index.php\/forretningsbetingelser\/","og_locale":"en_US","og_type":"article","og_title":"Forretningsbetingelser - Familiesammenf\u00f8ring | F\u00e5 din familie til Danmark","og_description":"1 KONTRAKTSFORHOLD 1.1 Disse generelle forretningsbetingelser g\u00e6lder for alle tjenester leveret af Copernica Law \u2013 Juridisk R\u00e5dgivning og dets undergrene, herunder,\u00a0www.danskstatsborgerskab.dk,\u00a0www.permanentopholdstilladelse.dk, samt\u00a0www.familie-sammenf\u00f8ring.dk. \u00a0 1.2 Vi vil normalt sende klienter en aftalebekr\u00e6ftelse p\u00e5 vores r\u00e5dgivning til klienten. Vores r\u00e5dgivning vil v\u00e6re styret og begr\u00e6nset i indhold af denne bekr\u00e6ftelse. De generelle forretningsbetingelser fungerer som et supplement [&hellip;]","og_url":"https:\/\/xn--familie-sammenfring-97b.dk\/index.php\/forretningsbetingelser\/","og_site_name":"Familiesammenf\u00f8ring | F\u00e5 din familie til Danmark","article_modified_time":"2025-04-25T19:10:55+00:00","twitter_card":"summary_large_image","twitter_misc":{"Est. reading time":"4 minutes"},"schema":{"@context":"https:\/\/schema.org","@graph":[{"@type":"WebPage","@id":"https:\/\/xn--familie-sammenfring-97b.dk\/index.php\/forretningsbetingelser\/","url":"https:\/\/xn--familie-sammenfring-97b.dk\/index.php\/forretningsbetingelser\/","name":"Forretningsbetingelser - Familiesammenf\u00f8ring | F\u00e5 din familie til Danmark","isPartOf":{"@id":"https:\/\/xn--familie-sammenfring-97b.dk\/#website"},"datePublished":"2025-01-20T17:15:12+00:00","dateModified":"2025-04-25T19:10:55+00:00","breadcrumb":{"@id":"https:\/\/xn--familie-sammenfring-97b.dk\/index.php\/forretningsbetingelser\/#breadcrumb"},"inLanguage":"en-US","potentialAction":[{"@type":"ReadAction","target":["https:\/\/xn--familie-sammenfring-97b.dk\/index.php\/forretningsbetingelser\/"]}]},{"@type":"BreadcrumbList","@id":"https:\/\/xn--familie-sammenfring-97b.dk\/index.php\/forretningsbetingelser\/#breadcrumb","itemListElement":[{"@type":"ListItem","position":1,"name":"Home","item":"https:\/\/xn--familie-sammenfring-97b.dk\/"},{"@type":"ListItem","position":2,"name":"Forretningsbetingelser"}]},{"@type":"WebSite","@id":"https:\/\/xn--familie-sammenfring-97b.dk\/#website","url":"https:\/\/xn--familie-sammenfring-97b.dk\/","name":"Dansk Statsborgerskab","description":"Juridisk r\u00e5dgivning","publisher":{"@id":"https:\/\/xn--familie-sammenfring-97b.dk\/#organization"},"potentialAction":[{"@type":"SearchAction","target":{"@type":"EntryPoint","urlTemplate":"https:\/\/xn--familie-sammenfring-97b.dk\/?s={search_term_string}"},"query-input":{"@type":"PropertyValueSpecification","valueRequired":true,"valueName":"search_term_string"}}],"inLanguage":"en-US"},{"@type":"Organization","@id":"https:\/\/xn--familie-sammenfring-97b.dk\/#organization","name":"| Din juridiske ekspert","url":"https:\/\/xn--familie-sammenfring-97b.dk\/","logo":{"@type":"ImageObject","inLanguage":"en-US","@id":"https:\/\/xn--familie-sammenfring-97b.dk\/#\/schema\/logo\/image\/","url":"https:\/\/xn--familie-sammenfring-97b.dk\/wp-content\/uploads\/2024\/12\/Denmark-passport-Danish-passport.jpg","contentUrl":"https:\/\/xn--familie-sammenfring-97b.dk\/wp-content\/uploads\/2024\/12\/Denmark-passport-Danish-passport.jpg","width":578,"height":675,"caption":"| Din juridiske ekspert"},"image":{"@id":"https:\/\/xn--familie-sammenfring-97b.dk\/#\/schema\/logo\/image\/"}}]}},"_links":{"self":[{"href":"https:\/\/xn--familie-sammenfring-97b.dk\/index.php\/wp-json\/wp\/v2\/pages\/817","targetHints":{"allow":["GET"]}}],"collection":[{"href":"https:\/\/xn--familie-sammenfring-97b.dk\/index.php\/wp-json\/wp\/v2\/pages"}],"about":[{"href":"https:\/\/xn--familie-sammenfring-97b.dk\/index.php\/wp-json\/wp\/v2\/types\/page"}],"author":[{"embeddable":true,"href":"https:\/\/xn--familie-sammenfring-97b.dk\/index.php\/wp-json\/wp\/v2\/users\/6"}],"replies":[{"embeddable":true,"href":"https:\/\/xn--familie-sammenfring-97b.dk\/index.php\/wp-json\/wp\/v2\/comments?post=817"}],"version-history":[{"count":10,"href":"https:\/\/xn--familie-sammenfring-97b.dk\/index.php\/wp-json\/wp\/v2\/pages\/817\/revisions"}],"predecessor-version":[{"id":1094,"href":"https:\/\/xn--familie-sammenfring-97b.dk\/index.php\/wp-json\/wp\/v2\/pages\/817\/revisions\/1094"}],"wp:attachment":[{"href":"https:\/\/xn--familie-sammenfring-97b.dk\/index.php\/wp-json\/wp\/v2\/media?parent=817"}],"curies":[{"name":"wp","href":"https:\/\/api.w.org\/{rel}","templated":true}]}}